{"id":607,"date":"2020-05-16T19:34:13","date_gmt":"2020-05-16T19:34:13","guid":{"rendered":"https:\/\/demo.winnertheme.com\/zapedah\/?page_id=607"},"modified":"2023-10-07T17:53:44","modified_gmt":"2023-10-07T20:53:44","slug":"about-us","status":"publish","type":"page","link":"https:\/\/marcotocha.com.br\/index.php\/about-us\/","title":{"rendered":"Sobre"},"content":{"rendered":"\t\t<div data-elementor-type=\"wp-page\" data-elementor-id=\"607\" class=\"elementor elementor-607\">\n\t\t\t\t\t\t\t\t\t<section class=\"elementor-section elementor-top-section elementor-element elementor-element-8a6384a elementor-section-boxed elementor-section-height-default elementor-section-height-default\" data-id=\"8a6384a\" data-element_type=\"section\" data-settings=\"{&quot;background_background&quot;:&quot;classic&quot;}\">\n\t\t\t\t\t\t\t<div class=\"elementor-background-overlay\"><\/div>\n\t\t\t\t\t\t\t<div class=\"elementor-container elementor-column-gap-extended\">\n\t\t\t\t\t<div class=\"elementor-column elementor-col-100 elementor-top-column elementor-element elementor-element-9c7ba51\" data-id=\"9c7ba51\" data-element_type=\"column\">\n\t\t\t<div class=\"elementor-widget-wrap elementor-element-populated\">\n\t\t\t\t\t\t\t\t<div class=\"elementor-element elementor-element-805bf15 elementor-widget elementor-widget-text-editor\" data-id=\"805bf15\" data-element_type=\"widget\" data-widget_type=\"text-editor.default\">\n\t\t\t\t<div class=\"elementor-widget-container\">\n\t\t\t<style>\/*! elementor - v3.18.0 - 20-12-2023 *\/\n.elementor-widget-text-editor.elementor-drop-cap-view-stacked .elementor-drop-cap{background-color:#69727d;color:#fff}.elementor-widget-text-editor.elementor-drop-cap-view-framed .elementor-drop-cap{color:#69727d;border:3px solid;background-color:transparent}.elementor-widget-text-editor:not(.elementor-drop-cap-view-default) .elementor-drop-cap{margin-top:8px}.elementor-widget-text-editor:not(.elementor-drop-cap-view-default) .elementor-drop-cap-letter{width:1em;height:1em}.elementor-widget-text-editor .elementor-drop-cap{float:left;text-align:center;line-height:1;font-size:50px}.elementor-widget-text-editor .elementor-drop-cap-letter{display:inline-block}<\/style>\t\t\t\t<p>Quem \u00e9<\/p>\t\t\t\t\t\t<\/div>\n\t\t\t\t<\/div>\n\t\t\t\t<div class=\"elementor-element elementor-element-5679f91 elementor-widget elementor-widget-zapedah-title\" data-id=\"5679f91\" data-element_type=\"widget\" data-widget_type=\"zapedah-title.default\">\n\t\t\t\t<div class=\"elementor-widget-container\">\n\t\t\t<h2 class=\"content-title\">Marco Tocha<span>?<\/span><\/h2>\t\t<\/div>\n\t\t\t\t<\/div>\n\t\t\t\t\t<\/div>\n\t\t<\/div>\n\t\t\t\t\t\t\t<\/div>\n\t\t<\/section>\n\t\t\t\t<section class=\"elementor-section elementor-top-section elementor-element elementor-element-011efc4 elementor-section-boxed elementor-section-height-default elementor-section-height-default\" data-id=\"011efc4\" data-element_type=\"section\" data-settings=\"{&quot;background_background&quot;:&quot;classic&quot;}\">\n\t\t\t\t\t\t<div class=\"elementor-container elementor-column-gap-extended\">\n\t\t\t\t\t<div class=\"elementor-column elementor-col-50 elementor-top-column elementor-element elementor-element-e47ebf1\" data-id=\"e47ebf1\" data-element_type=\"column\">\n\t\t\t<div class=\"elementor-widget-wrap elementor-element-populated\">\n\t\t\t\t\t\t\t\t<div class=\"elementor-element elementor-element-2dd543a elementor-widget elementor-widget-zapedah-title\" data-id=\"2dd543a\" data-element_type=\"widget\" data-widget_type=\"zapedah-title.default\">\n\t\t\t\t<div class=\"elementor-widget-container\">\n\t\t\t<h2 class=\"content-title\">De campe\u00e3o no BMX ao <b>Palestrante<\/b><span>.<\/span><\/h2>\t\t<\/div>\n\t\t\t\t<\/div>\n\t\t\t\t<div class=\"elementor-element elementor-element-d571569 elementor-widget elementor-widget-text-editor\" data-id=\"d571569\" data-element_type=\"widget\" data-widget_type=\"text-editor.default\">\n\t\t\t\t<div class=\"elementor-widget-container\">\n\t\t\t\t\t\t\t<p>Ol\u00e1, meu nome \u00e9 Marco Aur\u00e9lio \u201cTocha\u201d e sou atlema multicampe\u00e3o de BMX e palestrante motivacional dedicado a inspirar indiv\u00edduos a alcan\u00e7arem seu m\u00e1ximo potencial.<\/p>\t\t\t\t\t\t<\/div>\n\t\t\t\t<\/div>\n\t\t\t\t<div class=\"elementor-element elementor-element-9ca71a1 elementor-widget elementor-widget-text-editor\" data-id=\"9ca71a1\" data-element_type=\"widget\" data-widget_type=\"text-editor.default\">\n\t\t\t\t<div class=\"elementor-widget-container\">\n\t\t\t\t\t\t\t<p>Com mais de 250 palestras realizadas, tenho compartilhado meu conhecimento e experi\u00eancia para ajudar outras pessoas a superarem seus limites e conquistarem grandes realiza\u00e7\u00f5es.<\/p>\t\t\t\t\t\t<\/div>\n\t\t\t\t<\/div>\n\t\t\t\t\t<\/div>\n\t\t<\/div>\n\t\t\t\t<div class=\"elementor-column elementor-col-50 elementor-top-column elementor-element elementor-element-f6f9b03\" data-id=\"f6f9b03\" data-element_type=\"column\">\n\t\t\t<div class=\"elementor-widget-wrap elementor-element-populated\">\n\t\t\t\t\t\t\t\t<div class=\"elementor-element elementor-element-02cc798 elementor-widget elementor-widget-zapedah-video\" data-id=\"02cc798\" data-element_type=\"widget\" data-widget_type=\"zapedah-video.default\">\n\t\t\t\t<div class=\"elementor-widget-container\">\n\t\t\t<div class=\"clearfix\">\r\n    <div class=\"port-inner team-innerbox\">\r\n\t\t<a class=\"popup-video\" href=\"https:\/\/www.youtube.com\/watch?v=hml5OO0QVaY\">\r\n\t\t\t<i class=\"zapedah-icon fas fa-play\"><\/i>\t\t<\/a> \r\n        <div class=\"port-box\"><\/div>\r\n        <div class=\"port-img width-img img-bg\"\r\n            style=\"background-image:url(http:\/\/marcotocha.com.br\/wp-content\/uploads\/2023\/10\/tocha-no-podcast.png);\"><\/div>\r\n        <div class=\"img-mask\"><\/div>\r\n\t\t\r\n\t\t\r\n    <\/div>\r\n    \r\n<\/div>\r\n\r\n\t\t<\/div>\n\t\t\t\t<\/div>\n\t\t\t\t\t<\/div>\n\t\t<\/div>\n\t\t\t\t\t\t\t<\/div>\n\t\t<\/section>\n\t\t\t\t<section class=\"elementor-section elementor-top-section elementor-element elementor-element-c611a2a elementor-section-boxed elementor-section-height-default elementor-section-height-default\" data-id=\"c611a2a\" data-element_type=\"section\" id=\"community\" data-settings=\"{&quot;background_background&quot;:&quot;classic&quot;}\">\n\t\t\t\t\t\t\t<div class=\"elementor-background-overlay\"><\/div>\n\t\t\t\t\t\t\t<div class=\"elementor-container elementor-column-gap-extended\">\n\t\t\t\t\t<div class=\"elementor-column elementor-col-50 elementor-top-column elementor-element elementor-element-78b0d42\" data-id=\"78b0d42\" data-element_type=\"column\">\n\t\t\t<div class=\"elementor-widget-wrap elementor-element-populated\">\n\t\t\t\t\t\t\t\t<div class=\"elementor-element elementor-element-6e1f0c3 elementor-widget elementor-widget-zapedah-video\" data-id=\"6e1f0c3\" data-element_type=\"widget\" data-widget_type=\"zapedah-video.default\">\n\t\t\t\t<div class=\"elementor-widget-container\">\n\t\t\t<div class=\"clearfix\">\r\n    <div class=\"port-inner team-innerbox\">\r\n\t\t<a class=\"popup-video\" href=\"https:\/\/www.youtube.com\/watch?v=Y7geCzG6IGY\">\r\n\t\t\t<i class=\"zapedah-icon fas fa-play\"><\/i>\t\t<\/a> \r\n        <div class=\"port-box\"><\/div>\r\n        <div class=\"port-img width-img img-bg\"\r\n            style=\"background-image:url(http:\/\/marcotocha.com.br\/wp-content\/uploads\/2023\/10\/tocha-no-rictv.png);\"><\/div>\r\n        <div class=\"img-mask\"><\/div>\r\n\t\t\r\n\t\t\r\n    <\/div>\r\n    \r\n<\/div>\r\n\r\n\t\t<\/div>\n\t\t\t\t<\/div>\n\t\t\t\t\t<\/div>\n\t\t<\/div>\n\t\t\t\t<div class=\"elementor-column elementor-col-50 elementor-top-column elementor-element elementor-element-4d5e8f6\" data-id=\"4d5e8f6\" data-element_type=\"column\">\n\t\t\t<div class=\"elementor-widget-wrap elementor-element-populated\">\n\t\t\t\t\t\t\t\t<div class=\"elementor-element elementor-element-8749f7e elementor-widget elementor-widget-zapedah-title\" data-id=\"8749f7e\" data-element_type=\"widget\" data-widget_type=\"zapedah-title.default\">\n\t\t\t\t<div class=\"elementor-widget-container\">\n\t\t\t<h2 class=\"content-title\"><b>N\u00fameros<\/b> de uma vida de batalhas e conquistas<span>.<\/span><\/h2>\t\t<\/div>\n\t\t\t\t<\/div>\n\t\t\t\t<div class=\"elementor-element elementor-element-e77d660 elementor-widget elementor-widget-text-editor\" data-id=\"e77d660\" data-element_type=\"widget\" data-widget_type=\"text-editor.default\">\n\t\t\t\t<div class=\"elementor-widget-container\">\n\t\t\t\t\t\t\t<p>Nunca ser\u00e1 f\u00e1cil chegar ao topo em qualquer esporte.<\/p>\t\t\t\t\t\t<\/div>\n\t\t\t\t<\/div>\n\t\t\t\t<div class=\"elementor-element elementor-element-566337c elementor-widget elementor-widget-text-editor\" data-id=\"566337c\" data-element_type=\"widget\" data-widget_type=\"text-editor.default\">\n\t\t\t\t<div class=\"elementor-widget-container\">\n\t\t\t\t\t\t\t<p>Por\u00e9m \u00e9 gratificante demais poder dizer que eu atingi todos os meus objetivos como atleta profissional.<\/p>\t\t\t\t\t\t<\/div>\n\t\t\t\t<\/div>\n\t\t\t\t<div class=\"elementor-element elementor-element-6bd5b73 elementor-widget elementor-widget-progress\" data-id=\"6bd5b73\" data-element_type=\"widget\" data-widget_type=\"progress.default\">\n\t\t\t\t<div class=\"elementor-widget-container\">\n\t\t\t<style>\/*! elementor - v3.18.0 - 20-12-2023 *\/\n.elementor-widget-progress{text-align:left}.elementor-progress-wrapper{position:relative;background-color:#eee;color:#fff;height:100%;border-radius:2px}.elementor-progress-bar{display:flex;background-color:#69727d;width:0;font-size:11px;height:30px;line-height:30px;border-radius:2px;transition:width 1s ease-in-out}.elementor-progress-text{flex-grow:1;white-space:nowrap;text-overflow:ellipsis;overflow:hidden;padding-left:15px}.elementor-progress-percentage{padding-right:15px}.elementor-widget-progress .elementor-progress-wrapper.progress-info .elementor-progress-bar{background-color:#5bc0de}.elementor-widget-progress .elementor-progress-wrapper.progress-success .elementor-progress-bar{background-color:#5cb85c}.elementor-widget-progress .elementor-progress-wrapper.progress-warning .elementor-progress-bar{background-color:#f0ad4e}.elementor-widget-progress .elementor-progress-wrapper.progress-danger .elementor-progress-bar{background-color:#d9534f}.elementor-progress .elementor-title{display:block}@media (max-width:767px){.elementor-progress-text{padding-left:10px}}.e-con-inner .elementor-progress-wrapper,.e-con .elementor-progress-wrapper{height:auto}<\/style>\t\t\t<span class=\"elementor-title\" id=\"elementor-progress-bar-6bd5b73\">\n\t\t\t\t21X Campe\u00e3o Brasileiro\t\t\t<\/span>\n\t\t\n\t\t<div aria-labelledby=\"elementor-progress-bar-6bd5b73\" class=\"elementor-progress-wrapper\" role=\"progressbar\" aria-valuemin=\"0\" aria-valuemax=\"100\" aria-valuenow=\"80\">\n\t\t\t<div class=\"elementor-progress-bar\" data-max=\"80\">\n\t\t\t\t<span class=\"elementor-progress-text\"><\/span>\n\t\t\t\t\t\t\t<\/div>\n\t\t<\/div>\n\t\t\t\t<\/div>\n\t\t\t\t<\/div>\n\t\t\t\t<div class=\"elementor-element elementor-element-f6bff75 elementor-widget elementor-widget-progress\" data-id=\"f6bff75\" data-element_type=\"widget\" data-widget_type=\"progress.default\">\n\t\t\t\t<div class=\"elementor-widget-container\">\n\t\t\t\t\t\t<span class=\"elementor-title\" id=\"elementor-progress-bar-f6bff75\">\n\t\t\t\tCampe\u00e3o sulamericano\t\t\t<\/span>\n\t\t\n\t\t<div aria-labelledby=\"elementor-progress-bar-f6bff75\" class=\"elementor-progress-wrapper\" role=\"progressbar\" aria-valuemin=\"0\" aria-valuemax=\"100\" aria-valuenow=\"66\">\n\t\t\t<div class=\"elementor-progress-bar\" data-max=\"66\">\n\t\t\t\t<span class=\"elementor-progress-text\"><\/span>\n\t\t\t\t\t\t\t<\/div>\n\t\t<\/div>\n\t\t\t\t<\/div>\n\t\t\t\t<\/div>\n\t\t\t\t<div class=\"elementor-element elementor-element-1d1bff8 elementor-widget elementor-widget-progress\" data-id=\"1d1bff8\" data-element_type=\"widget\" data-widget_type=\"progress.default\">\n\t\t\t\t<div class=\"elementor-widget-container\">\n\t\t\t\t\t\t<span class=\"elementor-title\" id=\"elementor-progress-bar-1d1bff8\">\n\t\t\t\t+250 palestras realizadas\t\t\t<\/span>\n\t\t\n\t\t<div aria-labelledby=\"elementor-progress-bar-1d1bff8\" class=\"elementor-progress-wrapper\" role=\"progressbar\" aria-valuemin=\"0\" aria-valuemax=\"100\" aria-valuenow=\"48\">\n\t\t\t<div class=\"elementor-progress-bar\" data-max=\"48\">\n\t\t\t\t<span class=\"elementor-progress-text\"><\/span>\n\t\t\t\t\t\t\t<\/div>\n\t\t<\/div>\n\t\t\t\t<\/div>\n\t\t\t\t<\/div>\n\t\t\t\t\t<\/div>\n\t\t<\/div>\n\t\t\t\t\t\t\t<\/div>\n\t\t<\/section>\n\t\t\t\t<section class=\"elementor-section elementor-top-section elementor-element elementor-element-5bf08d9 elementor-section-content-middle elementor-section-boxed elementor-section-height-default elementor-section-height-default\" data-id=\"5bf08d9\" data-element_type=\"section\" data-settings=\"{&quot;background_background&quot;:&quot;classic&quot;}\">\n\t\t\t\t\t\t<div class=\"elementor-container elementor-column-gap-extended\">\n\t\t\t\t\t<div class=\"elementor-column elementor-col-100 elementor-top-column elementor-element elementor-element-3fcd23f\" data-id=\"3fcd23f\" data-element_type=\"column\">\n\t\t\t<div class=\"elementor-widget-wrap elementor-element-populated\">\n\t\t\t\t\t\t\t\t<div class=\"elementor-element elementor-element-9572018 elementor-widget elementor-widget-zapedah-title\" data-id=\"9572018\" data-element_type=\"widget\" data-widget_type=\"zapedah-title.default\">\n\t\t\t\t<div class=\"elementor-widget-container\">\n\t\t\t<h2 class=\"content-title\">Perfil <b>Profissional<\/b> completo<span>.<\/span><\/h2>\t\t<\/div>\n\t\t\t\t<\/div>\n\t\t\t\t<div class=\"elementor-element elementor-element-568052f elementor-widget elementor-widget-text-editor\" data-id=\"568052f\" data-element_type=\"widget\" data-widget_type=\"text-editor.default\">\n\t\t\t\t<div class=\"elementor-widget-container\">\n\t\t\t\t\t\t\t<p class=\"MsoNormal\" style=\"text-align: justify;\"><span style=\"font-size: 10.0pt; line-height: 115%; font-family: 'Arial','sans-serif';\">Ol\u00e1, meu nome \u00e9 Marco Aur\u00e9lio \u201cTocha\u201d e sou um palestrante motivacional dedicado a inspirar indiv\u00edduos a alcan\u00e7arem seu m\u00e1ximo potencial. Com mais de 200 palestras realizadas, tenho compartilhado meu conhecimento e experi\u00eancia para ajudar outras pessoas a superarem seus limites e conquistarem grandes realiza\u00e7\u00f5es. Al\u00e9m de ser um palestrante, tamb\u00e9m sou um atleta de alto n\u00edvel. Fui campe\u00e3o sul-americano e conquistei o t\u00edtulo de campe\u00e3o brasileiro em 21 ocasi\u00f5es, o que me proporcionou uma vasta experi\u00eancia em competi\u00e7\u00f5es esportivas. Essas conquistas me tornaram um exemplo de perseveran\u00e7a, disciplina e determina\u00e7\u00e3o tanto dentro como fora das arenas esportivas. Acredito que o esporte \u00e9 uma ferramenta poderosa para o desenvolvimento pessoal e profissional. Sendo assim, minha palestras t\u00eam como objetivo incentivar a pr\u00e1tica de atividades f\u00edsicas e promover os benef\u00edcios que o esporte pode trazer para a vida das pessoas. \u00c9 fundamental motivar indiv\u00edduos a se dedicarem aos treinamentos, ultrapassarem seus pr\u00f3prios limites e alcan\u00e7arem seus objetivos, tanto na \u00e1rea esportiva quanto nas suas vidas pessoais e profissionais. Com uma abordagem din\u00e2mica e envolvente, minhas palestras t\u00eam o poder de energizar e inspirar a audi\u00eancia. Utilizo hist\u00f3rias pessoais, li\u00e7\u00f5es aprendidas ao longo da minha jornada, assim como estrat\u00e9gias e t\u00e9cnicas comprovadas para motivar e capacitar os participantes a alcan\u00e7arem suas metas. Se voc\u00ea est\u00e1 em busca de um palestrante motivacional experiente, que j\u00e1 enfrentou e superou desafios e que pode estimular a sua equipe a alcan\u00e7ar resultados extraordin\u00e1rios, eu posso ajudar. Junte-se a mim em uma experi\u00eancia inesquec\u00edvel de aprendizado e motiva\u00e7\u00e3o. Vamos fazer a diferen\u00e7a juntos! Entre em contato comigo para mais detalhes sobre minha disponibilidade e temas abordados. Estou ansioso para contribuir para o sucesso do seu evento. Atenciosamente, Marco Tocha.<\/span><\/p>\t\t\t\t\t\t<\/div>\n\t\t\t\t<\/div>\n\t\t\t\t\t<\/div>\n\t\t<\/div>\n\t\t\t\t\t\t\t<\/div>\n\t\t<\/section>\n\t\t\t\t<section class=\"elementor-section elementor-top-section elementor-element elementor-element-6e4a9de elementor-section-content-middle elementor-section-boxed elementor-section-height-default elementor-section-height-default\" data-id=\"6e4a9de\" data-element_type=\"section\" data-settings=\"{&quot;background_background&quot;:&quot;classic&quot;}\">\n\t\t\t\t\t\t\t<div class=\"elementor-background-overlay\"><\/div>\n\t\t\t\t\t\t\t<div class=\"elementor-container elementor-column-gap-extended\">\n\t\t\t\t\t<div class=\"elementor-column elementor-col-100 elementor-top-column elementor-element elementor-element-4de409b\" data-id=\"4de409b\" data-element_type=\"column\">\n\t\t\t<div class=\"elementor-widget-wrap elementor-element-populated\">\n\t\t\t\t\t\t\t\t<div class=\"elementor-element elementor-element-c543279 elementor-widget elementor-widget-zapedah-title\" data-id=\"c543279\" data-element_type=\"widget\" data-widget_type=\"zapedah-title.default\">\n\t\t\t\t<div class=\"elementor-widget-container\">\n\t\t\t<h2 class=\"content-title\">Invista no  <b>esporte,<\/b> e estar\u00e1s ajudando a melhorar o futuro do mundo, o esporte \u00e9 exemplo<span>.<\/span><\/h2>\t\t<\/div>\n\t\t\t\t<\/div>\n\t\t\t\t<div class=\"elementor-element elementor-element-5867674 elementor-widget elementor-widget-text-editor\" data-id=\"5867674\" data-element_type=\"widget\" data-widget_type=\"text-editor.default\">\n\t\t\t\t<div class=\"elementor-widget-container\">\n\t\t\t\t\t\t\t<p>O esporte tem o potencial de contribuir para a melhoria do mundo de v\u00e1rias maneiras, influenciando positivamente indiv\u00edduos e comunidades e promovendo valores fundamentais.<\/p>\t\t\t\t\t\t<\/div>\n\t\t\t\t<\/div>\n\t\t\t\t<div class=\"elementor-element elementor-element-36fd42e elementor-widget elementor-widget-zapedah-button\" data-id=\"36fd42e\" data-element_type=\"widget\" data-widget_type=\"zapedah-button.default\">\n\t\t\t\t<div class=\"elementor-widget-container\">\n\t\t\t\t\t\r\n\t\t\t<a class=\"content-btn\" href=\"https:\/\/www.marcotocha.com.br\/patrocinadores\">\r\n\r\n\t\t\t\t\r\n\t\t\t\tSaiba mais\t\t\t<\/a>\r\n\r\n\t\t\r\n\t\t\t<\/div>\n\t\t\t\t<\/div>\n\t\t\t\t\t<\/div>\n\t\t<\/div>\n\t\t\t\t\t\t\t<\/div>\n\t\t<\/section>\n\t\t\t\t\t\t\t<\/div>\n\t\t","protected":false},"excerpt":{"rendered":"<p>Quem \u00e9 Marco Tocha? De campe\u00e3o no BMX ao Palestrante. Ol\u00e1, meu nome \u00e9 Marco Aur\u00e9lio \u201cTocha\u201d e sou atlema multicampe\u00e3o de BMX e palestrante motivacional dedicado a inspirar indiv\u00edduos a alcan\u00e7arem seu m\u00e1ximo potencial. Com mais de 250 palestras realizadas, tenho compartilhado meu conhecimento e experi\u00eancia para ajudar outras pessoas a superarem seus limites e conquistarem grandes realiza\u00e7\u00f5es. N\u00fameros &hellip;<\/p>\n","protected":false},"author":1,"featured_media":0,"parent":0,"menu_order":0,"comment_status":"closed","ping_status":"closed","template":"blank-builder.php","meta":{"om_disable_all_campaigns":false,"_monsterinsights_skip_tracking":false,"_monsterinsights_sitenote_active":false,"_monsterinsights_sitenote_note":"","_monsterinsights_sitenote_category":0,"footnotes":""},"aioseo_notices":[],"_links":{"self":[{"href":"https:\/\/marcotocha.com.br\/index.php\/wp-json\/wp\/v2\/pages\/607"}],"collection":[{"href":"https:\/\/marcotocha.com.br\/index.php\/wp-json\/wp\/v2\/pages"}],"about":[{"href":"https:\/\/marcotocha.com.br\/index.php\/wp-json\/wp\/v2\/types\/page"}],"author":[{"embeddable":true,"href":"https:\/\/marcotocha.com.br\/index.php\/wp-json\/wp\/v2\/users\/1"}],"replies":[{"embeddable":true,"href":"https:\/\/marcotocha.com.br\/index.php\/wp-json\/wp\/v2\/comments?post=607"}],"version-history":[{"count":32,"href":"https:\/\/marcotocha.com.br\/index.php\/wp-json\/wp\/v2\/pages\/607\/revisions"}],"predecessor-version":[{"id":1101,"href":"https:\/\/marcotocha.com.br\/index.php\/wp-json\/wp\/v2\/pages\/607\/revisions\/1101"}],"wp:attachment":[{"href":"https:\/\/marcotocha.com.br\/index.php\/wp-json\/wp\/v2\/media?parent=607"}],"curies":[{"name":"wp","href":"https:\/\/api.w.org\/{rel}","templated":true}]}}